{"id":40,"date":"2023-10-09T11:06:24","date_gmt":"2023-10-09T09:06:24","guid":{"rendered":"http:\/\/jaanaetleschevaux.com\/?page_id=40"},"modified":"2023-10-11T11:19:54","modified_gmt":"2023-10-11T09:19:54","slug":"kontakt-und-buchung","status":"publish","type":"page","link":"https:\/\/jaanaetleschevaux.com\/index.php\/kontakt-und-buchung\/","title":{"rendered":"Kontakt und Buchung"},"content":{"rendered":"\n<p>Kontaktieren kannst Du mich per E-mail an creative.jaana@gmail.com <\/p>\n\n\n\n<p>Oder WhattsApp \/ SMS an: +33 (0) 613 85 81 15<\/p>\n\n\n\n<p>Die Bezahlung erfolgt per \u00dcberweisung oder PayPal.<\/p>\n\n\n\n<p>Ich gebe Sitzungen auf Deutsch, Franz\u00f6sisch und Englisch.<\/p>\n\n\n\n<figure class=\"wp-block-image size-full is-resized\"><img loading=\"lazy\" decoding=\"async\" src=\"http:\/\/jaanaetleschevaux.com\/wp-content\/uploads\/2023\/10\/OMpath4146-turk.png\" alt=\"\" class=\"wp-image-214\" style=\"width:188px;height:148px\" width=\"188\" height=\"148\" srcset=\"https:\/\/jaanaetleschevaux.com\/wp-content\/uploads\/2023\/10\/OMpath4146-turk.png 647w, https:\/\/jaanaetleschevaux.com\/wp-content\/uploads\/2023\/10\/OMpath4146-turk-300x236.png 300w, https:\/\/jaanaetleschevaux.com\/wp-content\/uploads\/2023\/10\/OMpath4146-turk-76x60.png 76w\" sizes=\"auto, (max-width: 188px) 100vw, 188px\" \/><\/figure>\n\n\n\n<p>Die Sitzungen finden in der Regel auf Distanz statt \u2013 per Videochat oder Telefon. M\u00f6glich sind WhatsApp, Skype, Zoom und eventuell MS Teams. Die Bezahlung erfolgt nach Absprache und Erhalt der Rechnung vor oder nach der Sitzung.<\/p>\n\n\n\n<p>Energetische Heilarbeit ist immer als Erg\u00e4nzung zur klassisch medizinischen Therapie zu verstehen und ersetzt diese niemals. Ich \u00fcbernehme keinerlei Haftung und Garantie weder f\u00fcr Heilerfolge noch f\u00fcr die Konsequenzen der Handlungen die in meinen Readings empfohlen werden. Jeder \u00fcbernimmt die eigene Verantwortung f\u00fcr die Umsetzung. Personen mit starken Traumata oder bekannten psychischen Leiden wird empfohlen, diese Themen erst einmal mit konventioneller Therapie aufzuarbeiten.<\/p>\n\n\n\n<p>Eine R\u00fcckerstattung ist generell nicht m\u00f6glich. Entstehen Unzufriedenheiten mit dem Ergebnis einer Sitzung, bitte ich darum, direkt auf mich zuzukommen um den Ursachen auf den Grund gehen zu k\u00f6nnen.<\/p>\n","protected":false},"excerpt":{"rendered":"<p>Kontaktieren kannst Du mich per E-mail an creative.jaana@gmail.com Oder WhattsApp \/ SMS an: +33 (0) 613 85 81 15 Die Bezahlung erfolgt per \u00dcberweisung oder PayPal. Ich gebe Sitzungen auf Deutsch, Franz\u00f6sisch und Englisch. Die Sitzungen finden in der Regel auf Distanz statt \u2013 per Videochat oder Telefon. M\u00f6glich sind WhatsApp, Skype, Zoom und eventuell &hellip; <\/p>\n","protected":false},"author":1,"featured_media":0,"parent":0,"menu_order":0,"comment_status":"closed","ping_status":"closed","template":"","meta":{"footnotes":""},"class_list":["post-40","page","type-page","status-publish","hentry"],"_links":{"self":[{"href":"https:\/\/jaanaetleschevaux.com\/index.php\/wp-json\/wp\/v2\/pages\/40","targetHints":{"allow":["GET"]}}],"collection":[{"href":"https:\/\/jaanaetleschevaux.com\/index.php\/wp-json\/wp\/v2\/pages"}],"about":[{"href":"https:\/\/jaanaetleschevaux.com\/index.php\/wp-json\/wp\/v2\/types\/page"}],"author":[{"embeddable":true,"href":"https:\/\/jaanaetleschevaux.com\/index.php\/wp-json\/wp\/v2\/users\/1"}],"replies":[{"embeddable":true,"href":"https:\/\/jaanaetleschevaux.com\/index.php\/wp-json\/wp\/v2\/comments?post=40"}],"version-history":[{"count":4,"href":"https:\/\/jaanaetleschevaux.com\/index.php\/wp-json\/wp\/v2\/pages\/40\/revisions"}],"predecessor-version":[{"id":215,"href":"https:\/\/jaanaetleschevaux.com\/index.php\/wp-json\/wp\/v2\/pages\/40\/revisions\/215"}],"wp:attachment":[{"href":"https:\/\/jaanaetleschevaux.com\/index.php\/wp-json\/wp\/v2\/media?parent=40"}],"curies":[{"name":"wp","href":"https:\/\/api.w.org\/{rel}","templated":true}]}}