{"id":29,"date":"2023-10-09T09:42:51","date_gmt":"2023-10-09T07:42:51","guid":{"rendered":"http:\/\/jaanaetleschevaux.com\/?page_id=29"},"modified":"2023-12-11T21:00:28","modified_gmt":"2023-12-11T20:00:28","slug":"ueber-jaana","status":"publish","type":"page","link":"https:\/\/jaanaetleschevaux.com\/index.php\/ueber-jaana\/","title":{"rendered":"\u00dcber mich"},"content":{"rendered":"<div class=\"wp-block-image\">\n<figure class=\"aligncenter size-large is-resized\"><img loading=\"lazy\" decoding=\"async\" width=\"1024\" height=\"865\" src=\"https:\/\/jaanaetleschevaux.com\/wp-content\/uploads\/2023\/12\/DSC_0785crop-1024x865.jpg\" alt=\"\" class=\"wp-image-322\" style=\"width:295px;height:auto\"\/><\/figure>\n<\/div>\n\n\n<h3 class=\"wp-block-heading has-text-align-center\"><mark style=\"background-color:rgba(0, 0, 0, 0)\" class=\"has-inline-color has-cyan-bluish-gray-color\">\u00dcber meinen Lebensweg &#8230;<\/mark><\/h3>\n\n\n\n<p>Ich bin Deutschland geboren, jedoch den Gro\u00dfteil meiner Kindheit und auch meines Erwachsenenlebens habe ich in Frankreich und auf Reisen verbracht. Heute lebe ich in meinem kleinen \u201cKirschbaumhaus\u201d im franz\u00f6sischen S\u00fcdburgund mit meinen Tieren. F\u00fcr mich ein Ort der Ruhe und des Lernens.<\/p>\n\n\n\n<p>Spiritualit\u00e4t war seit meinen Kindertagen immer lebendig in meinem Leben vorhanden: wir bereisten als Familie die Welt und besuchten heilige Orte aller Religionen und Ausrichtungen. Immer habe ich von daher an eine innere F\u00fchrung geglaubt und mich \u00fcber die Wunder dieser Welt mit Ehrfurcht erstaunt, ohne mich dabei zu einer bestimmten Religion zugeh\u00f6rig zu f\u00fchlen. &nbsp;<\/p>\n\n\n\n<p>Kunst und Musik sind f\u00fcr mich ein wichtiger Ausdruck meiner Seele, sowie das Sein in der Natur mit meinen Tieren, besonders den Pferden. Seitdem ich 19 bin arbeite ich als K\u00fcnstlerin und Grafikdesignerin. <a href=\"http:\/\/www.jaana-creative.com\">Meine Kunst- und Design-Webseite findet ihr hier -&gt;<\/a><\/p>\n\n\n\n<p>Dass ich meinem spirituellen Innenleben eine Berufung geben kann und es mir damit auch m\u00f6glich ist, anderen Menschen meine Unterst\u00fctzung anzubieten, erfuhr ich durch die Begegnung mit Theta Healing im Jahr 2021, dessen Practitioner Seminare ich im Fr\u00fchjahr 2023 startete. Diese Technik hat mich \u00fcberzeugt, als ich in meinem eigenen Leben f\u00fcr meinen K\u00f6rper und meine Psyche Heilung bezeugen konnte &#8211; ich arbeite jeden Tag damit und mein ganzheitlicher Gesundheitszustand und mein k\u00f6rperliches Wohlbefinden verbessern sich konstant.<\/p>\n\n\n<div class=\"wp-block-image\">\n<figure class=\"aligncenter size-large is-resized\"><img loading=\"lazy\" decoding=\"async\" width=\"1024\" height=\"1000\" src=\"http:\/\/jaanaetleschevaux.com\/wp-content\/uploads\/2023\/10\/07-16-Tree-of-life-with-words-V2blue-1024x1000.png\" alt=\"\" class=\"wp-image-200\" style=\"width:391px;height:381px\" srcset=\"https:\/\/jaanaetleschevaux.com\/wp-content\/uploads\/2023\/10\/07-16-Tree-of-life-with-words-V2blue-1024x1000.png 1024w, https:\/\/jaanaetleschevaux.com\/wp-content\/uploads\/2023\/10\/07-16-Tree-of-life-with-words-V2blue-300x293.png 300w, https:\/\/jaanaetleschevaux.com\/wp-content\/uploads\/2023\/10\/07-16-Tree-of-life-with-words-V2blue-768x750.png 768w, https:\/\/jaanaetleschevaux.com\/wp-content\/uploads\/2023\/10\/07-16-Tree-of-life-with-words-V2blue-1536x1500.png 1536w, https:\/\/jaanaetleschevaux.com\/wp-content\/uploads\/2023\/10\/07-16-Tree-of-life-with-words-V2blue-2048x2001.png 2048w, https:\/\/jaanaetleschevaux.com\/wp-content\/uploads\/2023\/10\/07-16-Tree-of-life-with-words-V2blue-61x60.png 61w\" sizes=\"auto, (max-width: 1024px) 100vw, 1024px\" \/><figcaption class=\"wp-element-caption\"><em>Der Baum als Symbol des Lebens in fast allen Kulturen<\/em> <em>auf der Erde<\/em><\/figcaption><\/figure>\n<\/div>\n\n\n<p>Tief verwurzelt in mir sind die Lehren des Non-Dualismus, wo wir uns selbst nicht als getrennt von Gott und der Sch\u00f6pfung ansehen. Mein Lebensweg f\u00fchrte mich an die verschiedensten Orte dieser Welt, von denen ich immer etwas innerlich mitnahm; Taiz\u00e9 (Frankreich), Rishikesh (Indien), Cisternino (Italien), Assisi (Italien), Prashanti Nilayam (Indien), Athen (Griechenland) und vielen weiteren meist kleinen, ganz unbekannten Flecken Erde, die nicht mal einen Namen haben.<\/p>\n\n\n\n<p>Durch alles, was ich erlebt habe, ist die Frage, die ich mir am \u00f6ftesten Stelle: Was ist Leben in Einheit mit der Sch\u00f6pfung und welche Rolle spielen wir auf dieser Erde? So betrachte ich die Natur als meine gr\u00f6\u00dfte Lehrmeisterin, denn sie pr\u00fcft immer wieder unsere Authentizit\u00e4t und bringt uns in die Demut sowie auch in unsere Kraft. Den Tieren bin ich dadurch ebenfalls sehr verbunden und sie bringen mir jeden Tag aufs Neue bei, was es wirklich hei\u00dft, im Hier und Jetzt zu leben und sich zu reflektieren, wer man wirklich ist und wie man auf andere wirkt.<\/p>\n\n\n\n<p>Dies hat mir vor allem die Arbeit mit den Pferden beigebracht. Seit 2008 besuche und organisiere ich Kurse von <a href=\"http:\/\/www.mitpferdensein.de\">&#8220;Mit Pferden sein &#8230;&#8221;<\/a>, entwickelt von der Verhaltensbiologin Sabine Birmann und ihrem Mann Dan. Sie lehren vor allem Wahrnehmung; Selbstwahrnehmung, aber auch die Entwicklung eines feinen Gesp\u00fcrs f\u00fcr das Gegen\u00fcber. Zudem ist es m\u00f6glich zu lernen, wie man im Fluss der Energie arbeiten kann und eine tiefe Verbindung mit einem anderen Wesen aufbaut &#8211; mit Empathie, Authentizit\u00e4t und Ehrlichkeit.<\/p>\n\n\n\n<p>2022 schloss ich noch ein Studium zur Landwirtschaftstechnikerin ab &#8211; ein Berufsfeld, welches viel Erdung erm\u00f6glicht und ein Verst\u00e4ndnis auf einer technischen Ebene mitbringt, nicht nur von der Natur, sondern auch von unserer menschlichen Kultur und Lebensweise.<\/p>\n\n\n\n<p>All dieser Erfahrungsschatz flie\u00dft nun in meine diversen T\u00e4tigkeiten ein.<\/p>\n\n\n<div class=\"wp-block-image\">\n<figure class=\"aligncenter size-large is-resized\"><img loading=\"lazy\" decoding=\"async\" width=\"1024\" height=\"764\" src=\"http:\/\/jaanaetleschevaux.com\/wp-content\/uploads\/2023\/10\/11698859_409358612590147_3181682456998404101_o-1024x764.jpg\" alt=\"\" class=\"wp-image-174\" style=\"width:677px;height:505px\" srcset=\"https:\/\/jaanaetleschevaux.com\/wp-content\/uploads\/2023\/10\/11698859_409358612590147_3181682456998404101_o-1024x764.jpg 1024w, https:\/\/jaanaetleschevaux.com\/wp-content\/uploads\/2023\/10\/11698859_409358612590147_3181682456998404101_o-300x224.jpg 300w, https:\/\/jaanaetleschevaux.com\/wp-content\/uploads\/2023\/10\/11698859_409358612590147_3181682456998404101_o-768x573.jpg 768w, https:\/\/jaanaetleschevaux.com\/wp-content\/uploads\/2023\/10\/11698859_409358612590147_3181682456998404101_o-80x60.jpg 80w, https:\/\/jaanaetleschevaux.com\/wp-content\/uploads\/2023\/10\/11698859_409358612590147_3181682456998404101_o.jpg 1524w\" sizes=\"auto, (max-width: 1024px) 100vw, 1024px\" \/><figcaption class=\"wp-element-caption\"><em>Freie Bodenarbeit mit meinem Kaltbluthengst Vertigo<\/em><\/figcaption><\/figure>\n<\/div>","protected":false},"excerpt":{"rendered":"<p>\u00dcber meinen Lebensweg &#8230; Ich bin Deutschland geboren, jedoch den Gro\u00dfteil meiner Kindheit und auch meines Erwachsenenlebens habe ich in Frankreich und auf Reisen verbracht. Heute lebe ich in meinem kleinen \u201cKirschbaumhaus\u201d im franz\u00f6sischen S\u00fcdburgund mit meinen Tieren. F\u00fcr mich ein Ort der Ruhe und des Lernens. Spiritualit\u00e4t war seit meinen Kindertagen immer lebendig in &hellip; <\/p>\n","protected":false},"author":1,"featured_media":134,"parent":0,"menu_order":0,"comment_status":"closed","ping_status":"closed","template":"","meta":{"footnotes":""},"class_list":["post-29","page","type-page","status-publish","has-post-thumbnail","hentry"],"_links":{"self":[{"href":"https:\/\/jaanaetleschevaux.com\/index.php\/wp-json\/wp\/v2\/pages\/29","targetHints":{"allow":["GET"]}}],"collection":[{"href":"https:\/\/jaanaetleschevaux.com\/index.php\/wp-json\/wp\/v2\/pages"}],"about":[{"href":"https:\/\/jaanaetleschevaux.com\/index.php\/wp-json\/wp\/v2\/types\/page"}],"author":[{"embeddable":true,"href":"https:\/\/jaanaetleschevaux.com\/index.php\/wp-json\/wp\/v2\/users\/1"}],"replies":[{"embeddable":true,"href":"https:\/\/jaanaetleschevaux.com\/index.php\/wp-json\/wp\/v2\/comments?post=29"}],"version-history":[{"count":21,"href":"https:\/\/jaanaetleschevaux.com\/index.php\/wp-json\/wp\/v2\/pages\/29\/revisions"}],"predecessor-version":[{"id":324,"href":"https:\/\/jaanaetleschevaux.com\/index.php\/wp-json\/wp\/v2\/pages\/29\/revisions\/324"}],"wp:featuredmedia":[{"embeddable":true,"href":"https:\/\/jaanaetleschevaux.com\/index.php\/wp-json\/wp\/v2\/media\/134"}],"wp:attachment":[{"href":"https:\/\/jaanaetleschevaux.com\/index.php\/wp-json\/wp\/v2\/media?parent=29"}],"curies":[{"name":"wp","href":"https:\/\/api.w.org\/{rel}","templated":true}]}}