{"id":247,"date":"2023-10-11T12:07:36","date_gmt":"2023-10-11T10:07:36","guid":{"rendered":"http:\/\/jaanaetleschevaux.com\/?page_id=247"},"modified":"2023-10-11T12:07:36","modified_gmt":"2023-10-11T10:07:36","slug":"politique-de-confidentialite","status":"publish","type":"page","link":"https:\/\/jaanaetleschevaux.com\/index.php\/fr\/politique-de-confidentialite\/","title":{"rendered":"Politique de confidentialit\u00e9"},"content":{"rendered":"\n<p>Qui sommes-nous ?<br>Jaana Kern (n\u00e9e Hoffmann) de www.jaanakern.com .<\/p>\n\n\n\n<p>La gestion de tes donn\u00e9es lorsque tu t&#8217;inscris \u00e0 une session ou \u00e0 un autre service sur ce site est toujours confidentielle et nous ne les transmettons pas \u00e0 des tiers ou \u00e0 des applications de collecte de donn\u00e9es statistiques en dehors des fins comptables et op\u00e9rationnelles habituelles.<\/p>\n\n\n\n<p>En envoyant un e-mail \u00e0 creative.jaana@gmail.com, tu peux \u00e0 tout moment consulter les donn\u00e9es enregistr\u00e9es te concernant ou demander leur suppression.<\/p>\n\n\n\n<p>Commentaires<br>Lorsque les visiteurs \u00e9crivent des commentaires sur le site, nous collectons les donn\u00e9es affich\u00e9es dans le formulaire de commentaire, ainsi que l&#8217;adresse IP du visiteur et la cha\u00eene de l&#8217;agent utilisateur (qui identifie le navigateur) afin de faciliter la d\u00e9tection des spams.<\/p>\n\n\n\n<p>Une cha\u00eene de caract\u00e8res anonymis\u00e9e (\u00e9galement appel\u00e9e hash) peut \u00eatre cr\u00e9\u00e9e \u00e0 partir de ton adresse e-mail et transmise au service Gravatar afin de v\u00e9rifier si tu l&#8217;utilises. Tu trouveras la d\u00e9claration de protection des donn\u00e9es du service Gravatar ici : https:\/\/automattic.com\/privacy\/. Une fois que ton commentaire a \u00e9t\u00e9 valid\u00e9, ta photo de profil est visible publiquement dans le contexte de ton commentaire.<\/p>\n\n\n\n<p>M\u00e9dias<br>Si tu es un utilisateur enregistr\u00e9 et que tu t\u00e9l\u00e9charges des photos sur ce site, tu dois \u00e9viter de t\u00e9l\u00e9charger des photos avec une localisation EXIF-GPS. Les visiteurs de ce site pourraient t\u00e9l\u00e9charger des photos stock\u00e9es sur ce site et en extraire les informations de localisation.<\/p>\n\n\n\n<p>Cookies<br>Si tu \u00e9cris un commentaire sur notre site web, cela peut signifier que tu acceptes que ton nom, ton adresse e-mail et ton site web soient enregistr\u00e9s dans des cookies. Il s&#8217;agit d&#8217;une fonction de confort qui t&#8217;\u00e9vite de devoir saisir \u00e0 nouveau toutes ces donn\u00e9es lorsque tu \u00e9cris un autre commentaire. Ces cookies sont conserv\u00e9s pendant un an.<\/p>\n\n\n\n<p>Si tu as un compte et que tu te connectes sur ce site, nous placerons un cookie temporaire afin de d\u00e9terminer si ton navigateur accepte les cookies. Ce cookie ne contient aucune donn\u00e9e personnelle et est d\u00e9truit lorsque tu fermes ton navigateur.<\/p>\n\n\n\n<p>Si tu t&#8217;inscris, nous mettrons en place certains cookies afin de m\u00e9moriser tes informations de connexion et tes options d&#8217;affichage. Les cookies de connexion expirent au bout de deux jours et les cookies relatifs aux options d&#8217;affichage au bout d&#8217;un an. Si tu s\u00e9lectionnes &#8220;Rester connect\u00e9&#8221; lors de ton inscription, ton inscription sera maintenue pendant deux semaines. Lorsque tu te d\u00e9connectes de ton compte, les cookies de connexion sont supprim\u00e9s.<\/p>\n\n\n\n<p>Lorsque tu \u00e9dites ou publies un article, un cookie suppl\u00e9mentaire est enregistr\u00e9 dans ton navigateur. Ce cookie ne contient pas de donn\u00e9es personnelles et ne fait r\u00e9f\u00e9rence qu&#8217;\u00e0 l&#8217;ID de l&#8217;article que tu viens d&#8217;\u00e9diter. Le cookie expire au bout d&#8217;un jour.<\/p>\n\n\n\n<p>Contenu int\u00e9gr\u00e9 d&#8217;autres sites web<br>Les articles de ce site web peuvent contenir des contenus int\u00e9gr\u00e9s (par ex. vid\u00e9os, images, articles, etc.). Les contenus int\u00e9gr\u00e9s provenant d&#8217;autres sites web se comportent exactement comme si le visiteur avait visit\u00e9 l&#8217;autre site web.<\/p>\n\n\n\n<p>Ces sites peuvent collecter des donn\u00e9es te concernant, utiliser des cookies, int\u00e9grer des services de suivi suppl\u00e9mentaires de tiers et enregistrer ton interaction avec ce contenu int\u00e9gr\u00e9, y compris ton interaction avec le contenu int\u00e9gr\u00e9, si tu as un compte et que tu es connect\u00e9 \u00e0 ce site.<\/p>\n\n\n\n<p>Avec qui nous partageons tes donn\u00e9es<br>Si tu demandes une r\u00e9initialisation de ton mot de passe, ton adresse IP sera incluse dans l&#8217;e-mail de r\u00e9initialisation.<\/p>\n\n\n\n<p>Combien de temps nous conservons tes donn\u00e9es<br>Lorsque tu \u00e9cris un commentaire, celui-ci, y compris les m\u00e9tadonn\u00e9es, est enregistr\u00e9 pour une dur\u00e9e illimit\u00e9e. De cette mani\u00e8re, nous pouvons reconna\u00eetre et valider automatiquement les commentaires de suivi au lieu de les garder dans une file d&#8217;attente de mod\u00e9ration.<\/p>\n\n\n\n<p>Pour les utilisateurs qui s&#8217;inscrivent sur notre site, nous enregistrons \u00e9galement les informations personnelles qu&#8217;ils fournissent dans leur profil d&#8217;utilisateur. Tous les utilisateurs peuvent \u00e0 tout moment consulter, modifier ou supprimer leurs informations personnelles (le nom d&#8217;utilisateur ne peut pas \u00eatre modifi\u00e9). Les administrateurs du site peuvent \u00e9galement consulter et modifier ces informations.<\/p>\n\n\n\n<p>Quels sont tes droits sur tes donn\u00e9es personnelles ?<br>Si tu as un compte sur ce site ou si tu as \u00e9crit des commentaires, tu peux nous demander d&#8217;exporter tes donn\u00e9es personnelles, y compris toutes les donn\u00e9es que tu nous as communiqu\u00e9es. En outre, tu peux demander la suppression de toutes les donn\u00e9es personnelles que nous d\u00e9tenons \u00e0 ton sujet. Cela ne comprend pas les donn\u00e9es que nous devons conserver en raison de n\u00e9cessit\u00e9s administratives, juridiques ou de s\u00e9curit\u00e9.<\/p>\n\n\n\n<p>O\u00f9 nous envoyons tes donn\u00e9es<br>Les commentaires des visiteurs pourraient \u00eatre examin\u00e9s par un service automatis\u00e9 de d\u00e9tection des spams.<\/p>\n\n\n\n<p>D\u00e9claration de confidentialit\u00e9<\/p>\n","protected":false},"excerpt":{"rendered":"<p>Qui sommes-nous ?Jaana Kern (n\u00e9e Hoffmann) de www.jaanakern.com . La gestion de tes donn\u00e9es lorsque tu t&#8217;inscris \u00e0 une session ou \u00e0 un autre service sur ce site est toujours confidentielle et nous ne les transmettons pas \u00e0 des tiers ou \u00e0 des applications de collecte de donn\u00e9es statistiques en dehors des fins comptables et &hellip; <\/p>\n","protected":false},"author":1,"featured_media":0,"parent":0,"menu_order":0,"comment_status":"closed","ping_status":"open","template":"","meta":{"footnotes":""},"class_list":["post-247","page","type-page","status-publish","hentry"],"_links":{"self":[{"href":"https:\/\/jaanaetleschevaux.com\/index.php\/wp-json\/wp\/v2\/pages\/247","targetHints":{"allow":["GET"]}}],"collection":[{"href":"https:\/\/jaanaetleschevaux.com\/index.php\/wp-json\/wp\/v2\/pages"}],"about":[{"href":"https:\/\/jaanaetleschevaux.com\/index.php\/wp-json\/wp\/v2\/types\/page"}],"author":[{"embeddable":true,"href":"https:\/\/jaanaetleschevaux.com\/index.php\/wp-json\/wp\/v2\/users\/1"}],"replies":[{"embeddable":true,"href":"https:\/\/jaanaetleschevaux.com\/index.php\/wp-json\/wp\/v2\/comments?post=247"}],"version-history":[{"count":1,"href":"https:\/\/jaanaetleschevaux.com\/index.php\/wp-json\/wp\/v2\/pages\/247\/revisions"}],"predecessor-version":[{"id":248,"href":"https:\/\/jaanaetleschevaux.com\/index.php\/wp-json\/wp\/v2\/pages\/247\/revisions\/248"}],"wp:attachment":[{"href":"https:\/\/jaanaetleschevaux.com\/index.php\/wp-json\/wp\/v2\/media?parent=247"}],"curies":[{"name":"wp","href":"https:\/\/api.w.org\/{rel}","templated":true}]}}