{"id":245,"date":"2023-10-11T12:06:13","date_gmt":"2023-10-11T10:06:13","guid":{"rendered":"http:\/\/jaanaetleschevaux.com\/?page_id=245"},"modified":"2023-10-11T12:33:19","modified_gmt":"2023-10-11T10:33:19","slug":"mentions-legales","status":"publish","type":"page","link":"https:\/\/jaanaetleschevaux.com\/index.php\/fr\/mentions-legales\/","title":{"rendered":"Mentions l\u00e9gales"},"content":{"rendered":"\n<p>Le responsable de ce site est :<\/p>\n\n\n\n<p>Jaana Kern, n\u00e9e Hoffmann<\/p>\n\n\n\n<p>creative.jaana@gmail.com<\/p>\n\n\n\n<p>3, route de Cortevaix<br>lieu-dit les bois dernier<br>F-71460 Cormatin<\/p>\n\n\n\n<p>France<\/p>\n\n\n\n<p>SIRET : 491 755 252 000 13<\/p>\n\n\n\n<p>Tribunal comp\u00e9tent : M\u00e2con<\/p>\n\n\n\n<p><a href=\"http:\/\/jaanaetleschevaux.com\/index.php\/fr\/politique-de-confidentialite\/\" data-type=\"page\" data-id=\"247\">D\u00e9claration de confidentialit\u00e9<\/a><\/p>\n","protected":false},"excerpt":{"rendered":"<p>Le responsable de ce site est : Jaana Kern, n\u00e9e Hoffmann creative.jaana@gmail.com 3, route de Cortevaixlieu-dit les bois dernierF-71460 Cormatin France SIRET : 491 755 252 000 13 Tribunal comp\u00e9tent : M\u00e2con D\u00e9claration de confidentialit\u00e9<\/p>\n","protected":false},"author":1,"featured_media":0,"parent":0,"menu_order":0,"comment_status":"closed","ping_status":"closed","template":"","meta":{"footnotes":""},"class_list":["post-245","page","type-page","status-publish","hentry"],"_links":{"self":[{"href":"https:\/\/jaanaetleschevaux.com\/index.php\/wp-json\/wp\/v2\/pages\/245","targetHints":{"allow":["GET"]}}],"collection":[{"href":"https:\/\/jaanaetleschevaux.com\/index.php\/wp-json\/wp\/v2\/pages"}],"about":[{"href":"https:\/\/jaanaetleschevaux.com\/index.php\/wp-json\/wp\/v2\/types\/page"}],"author":[{"embeddable":true,"href":"https:\/\/jaanaetleschevaux.com\/index.php\/wp-json\/wp\/v2\/users\/1"}],"replies":[{"embeddable":true,"href":"https:\/\/jaanaetleschevaux.com\/index.php\/wp-json\/wp\/v2\/comments?post=245"}],"version-history":[{"count":2,"href":"https:\/\/jaanaetleschevaux.com\/index.php\/wp-json\/wp\/v2\/pages\/245\/revisions"}],"predecessor-version":[{"id":277,"href":"https:\/\/jaanaetleschevaux.com\/index.php\/wp-json\/wp\/v2\/pages\/245\/revisions\/277"}],"wp:attachment":[{"href":"https:\/\/jaanaetleschevaux.com\/index.php\/wp-json\/wp\/v2\/media?parent=245"}],"curies":[{"name":"wp","href":"https:\/\/api.w.org\/{rel}","templated":true}]}}