{"id":240,"date":"2023-10-11T12:04:22","date_gmt":"2023-10-11T10:04:22","guid":{"rendered":"http:\/\/jaanaetleschevaux.com\/?page_id=240"},"modified":"2023-10-11T12:05:11","modified_gmt":"2023-10-11T10:05:11","slug":"contact-et-reservation","status":"publish","type":"page","link":"https:\/\/jaanaetleschevaux.com\/index.php\/fr\/contact-et-reservation\/","title":{"rendered":"Contact et r\u00e9servation"},"content":{"rendered":"\n<p>Tu peux me contacter par e-mail \u00e0 creative.jaana@gmail.com<\/p>\n\n\n\n<p>Ou WhattsApp \/ SMS \u00e0 : +33 (0) 613 85 81 15<\/p>\n\n\n\n<p>Le paiement se fait par virement bancaire ou PayPal.<\/p>\n\n\n\n<p>Je donne des s\u00e9ances en fran\u00e7ais, en allemand et en anglais.<\/p>\n\n\n<div class=\"wp-block-image\">\n<figure class=\"aligncenter size-full is-resized\"><img loading=\"lazy\" decoding=\"async\" src=\"http:\/\/jaanaetleschevaux.com\/wp-content\/uploads\/2023\/10\/OMpath4146-turk-1.png\" alt=\"\" class=\"wp-image-241\" style=\"width:217px;height:171px\" width=\"217\" height=\"171\" srcset=\"https:\/\/jaanaetleschevaux.com\/wp-content\/uploads\/2023\/10\/OMpath4146-turk-1.png 647w, https:\/\/jaanaetleschevaux.com\/wp-content\/uploads\/2023\/10\/OMpath4146-turk-1-300x236.png 300w, https:\/\/jaanaetleschevaux.com\/wp-content\/uploads\/2023\/10\/OMpath4146-turk-1-76x60.png 76w\" sizes=\"auto, (max-width: 217px) 100vw, 217px\" \/><\/figure>\n<\/div>\n\n\n<p>Les s\u00e9ances se d\u00e9roulent g\u00e9n\u00e9ralement \u00e0 distance &#8211; par visioconf\u00e9rence ou par t\u00e9l\u00e9phone. Les moyens possibles sont WhatsApp, Skype, Zoom et \u00e9ventuellement MS Teams. Le paiement se fait apr\u00e8s accord et r\u00e9ception de la facture avant ou apr\u00e8s la s\u00e9ance.<\/p>\n\n\n\n<p>Le travail \u00e9nerg\u00e9tique doit toujours \u00eatre consid\u00e9r\u00e9 comme un compl\u00e9ment \u00e0 la th\u00e9rapie m\u00e9dicale classique et ne la remplace jamais. Je n&#8217;assume aucune responsabilit\u00e9 ni garantie, ni pour les succ\u00e8s de gu\u00e9rison, ni pour les cons\u00e9quences des actions recommand\u00e9es dans mes lectures. Chacun assume sa propre responsabilit\u00e9 pour la mise en pratique. Il est recommand\u00e9 aux personnes ayant subi des traumatismes importants ou souffrant de troubles psychiques connus de travailler d&#8217;abord sur ces th\u00e8mes avec une th\u00e9rapie conventionnelle.<\/p>\n\n\n\n<p>En r\u00e8gle g\u00e9n\u00e9rale, aucun remboursement n&#8217;est possible. Si vous n&#8217;\u00eates pas satisfait du r\u00e9sultat d&#8217;une s\u00e9ance, je vous prie de me contacter directement afin d&#8217;en d\u00e9terminer les causes.<\/p>\n","protected":false},"excerpt":{"rendered":"<p>Tu peux me contacter par e-mail \u00e0 creative.jaana@gmail.com Ou WhattsApp \/ SMS \u00e0 : +33 (0) 613 85 81 15 Le paiement se fait par virement bancaire ou PayPal. Je donne des s\u00e9ances en fran\u00e7ais, en allemand et en anglais. Les s\u00e9ances se d\u00e9roulent g\u00e9n\u00e9ralement \u00e0 distance &#8211; par visioconf\u00e9rence ou par t\u00e9l\u00e9phone. Les moyens &hellip; <\/p>\n","protected":false},"author":1,"featured_media":0,"parent":0,"menu_order":0,"comment_status":"closed","ping_status":"closed","template":"","meta":{"footnotes":""},"class_list":["post-240","page","type-page","status-publish","hentry"],"_links":{"self":[{"href":"https:\/\/jaanaetleschevaux.com\/index.php\/wp-json\/wp\/v2\/pages\/240","targetHints":{"allow":["GET"]}}],"collection":[{"href":"https:\/\/jaanaetleschevaux.com\/index.php\/wp-json\/wp\/v2\/pages"}],"about":[{"href":"https:\/\/jaanaetleschevaux.com\/index.php\/wp-json\/wp\/v2\/types\/page"}],"author":[{"embeddable":true,"href":"https:\/\/jaanaetleschevaux.com\/index.php\/wp-json\/wp\/v2\/users\/1"}],"replies":[{"embeddable":true,"href":"https:\/\/jaanaetleschevaux.com\/index.php\/wp-json\/wp\/v2\/comments?post=240"}],"version-history":[{"count":2,"href":"https:\/\/jaanaetleschevaux.com\/index.php\/wp-json\/wp\/v2\/pages\/240\/revisions"}],"predecessor-version":[{"id":244,"href":"https:\/\/jaanaetleschevaux.com\/index.php\/wp-json\/wp\/v2\/pages\/240\/revisions\/244"}],"wp:attachment":[{"href":"https:\/\/jaanaetleschevaux.com\/index.php\/wp-json\/wp\/v2\/media?parent=240"}],"curies":[{"name":"wp","href":"https:\/\/api.w.org\/{rel}","templated":true}]}}