{"id":235,"date":"2023-10-11T12:01:10","date_gmt":"2023-10-11T10:01:10","guid":{"rendered":"http:\/\/jaanaetleschevaux.com\/?page_id=235"},"modified":"2023-12-11T21:01:44","modified_gmt":"2023-12-11T20:01:44","slug":"a-propos-de-moi","status":"publish","type":"page","link":"https:\/\/jaanaetleschevaux.com\/index.php\/fr\/a-propos-de-moi\/","title":{"rendered":"\u00c0 propos de moi"},"content":{"rendered":"<div class=\"wp-block-image\">\n<figure class=\"aligncenter size-large is-resized\"><img decoding=\"async\" src=\"https:\/\/jaanaetleschevaux.com\/wp-content\/uploads\/2023\/12\/DSC_0785crop-1024x865.jpg\" alt=\"\" style=\"width:321px;height:auto\"\/><\/figure>\n<\/div>\n\n\n<h3 class=\"wp-block-heading has-text-align-center\"><mark style=\"background-color:rgba(0, 0, 0, 0)\" class=\"has-inline-color has-cyan-bluish-gray-color\">A propos de mon parcours \u2026<\/mark><\/h3>\n\n\n\n<p><br>Je suis n\u00e9e en Allemagne, mais j&#8217;ai pass\u00e9 la majeure partie de mon enfance et de ma vie d&#8217;adulte en France et en voyage. Aujourd&#8217;hui, je vis dans ma petite &#8220;maison du cerisier&#8221; dans le sud de la Bourgogne avec mes animaux. C&#8217;est pour moi un lieu de repos et d&#8217;apprentissage.<\/p>\n\n\n\n<p>La spiritualit\u00e9 a toujours \u00e9t\u00e9 pr\u00e9sente de mani\u00e8re vivante dans ma vie depuis mon enfance : nous avons parcouru le monde en famille et visit\u00e9 des lieux sacr\u00e9s de toutes les religions et de toutes les orientations. D\u00e8s lors, j&#8217;ai toujours cru en une guidance int\u00e9rieure et je me suis \u00e9merveill\u00e9 avec respect devant les merveilles de ce monde, sans pour autant me sentir affili\u00e9 \u00e0 une religion particuli\u00e8re.<\/p>\n\n\n\n<p>L&#8217;art et la musique sont pour moi une expression importante de mon \u00e2me, ainsi que le fait d&#8217;\u00eatre dans la nature avec mes animaux, en particulier les chevaux. Je travaille comme artiste et graphiste depuis l&#8217;\u00e2ge de 19 ans. <a href=\"http:\/\/www.jaana-creative.com\">Vous trouverez mon site web d&#8217;art et de design ici -&gt;<\/a><\/p>\n\n\n\n<p>J&#8217;ai appris que je pouvais donner une vocation \u00e0 ma vie int\u00e9rieure spirituelle et qu&#8217;il m&#8217;\u00e9tait ainsi possible d&#8217;offrir mon soutien \u00e0 d&#8217;autres personnes en rencontrant Theta Healing en 2021, dont j&#8217;ai commenc\u00e9 les s\u00e9minaires de praticiens au printemps 2023. Cette technique m&#8217;a convaincu lorsque j&#8217;ai pu t\u00e9moigner de la gu\u00e9rison de mon corps et de ma psych\u00e9 dans ma propre vie &#8211; je travaille avec elle tous les jours et mon \u00e9tat de sant\u00e9 global et mon bien-\u00eatre physique s&#8217;am\u00e9liorent constamment.<\/p>\n\n\n<div class=\"wp-block-image\">\n<figure class=\"aligncenter size-large is-resized\"><img loading=\"lazy\" decoding=\"async\" width=\"1024\" height=\"1000\" src=\"http:\/\/jaanaetleschevaux.com\/wp-content\/uploads\/2023\/10\/07-16-Tree-of-life-with-words-V2blue-1-1024x1000.png\" alt=\"\" class=\"wp-image-236\" style=\"width:300px;height:293px\" srcset=\"https:\/\/jaanaetleschevaux.com\/wp-content\/uploads\/2023\/10\/07-16-Tree-of-life-with-words-V2blue-1-1024x1000.png 1024w, https:\/\/jaanaetleschevaux.com\/wp-content\/uploads\/2023\/10\/07-16-Tree-of-life-with-words-V2blue-1-300x293.png 300w, https:\/\/jaanaetleschevaux.com\/wp-content\/uploads\/2023\/10\/07-16-Tree-of-life-with-words-V2blue-1-768x750.png 768w, https:\/\/jaanaetleschevaux.com\/wp-content\/uploads\/2023\/10\/07-16-Tree-of-life-with-words-V2blue-1-1536x1500.png 1536w, https:\/\/jaanaetleschevaux.com\/wp-content\/uploads\/2023\/10\/07-16-Tree-of-life-with-words-V2blue-1-2048x2001.png 2048w, https:\/\/jaanaetleschevaux.com\/wp-content\/uploads\/2023\/10\/07-16-Tree-of-life-with-words-V2blue-1-61x60.png 61w\" sizes=\"auto, (max-width: 1024px) 100vw, 1024px\" \/><figcaption class=\"wp-element-caption\"><em>L&#8217;arbre; symbole de vie dans presque toutes les cultures du monde.<br><\/em><\/figcaption><\/figure>\n<\/div>\n\n\n<p>Les enseignements du non-dualisme, o\u00f9 nous ne nous consid\u00e9rons pas comme s\u00e9par\u00e9s de Dieu et de la cr\u00e9ation, sont profond\u00e9ment enracin\u00e9s en moi. Mon chemin de vie m&#8217;a men\u00e9 dans les endroits les plus divers de ce monde, dont j&#8217;ai toujours emport\u00e9 quelque chose int\u00e9rieurement ; Taiz\u00e9 (France), Rishikesh (Inde), Cisternino (Italie), Assise (Italie), Prashanti Nilayam (Inde), Ath\u00e8nes (Gr\u00e8ce) et beaucoup d&#8217;autres endroits, pour la plupart petits et tout \u00e0 fait inconnus, qui n&#8217;ont m\u00eame pas de nom.<\/p>\n\n\n\n<p>A travers tout ce que j&#8217;ai v\u00e9cu, la question que je me pose le plus souvent est la suivante : Qu&#8217;est-ce que la vie en unit\u00e9 avec la cr\u00e9ation et quel est notre r\u00f4le sur cette terre ? Je consid\u00e8re donc la nature comme mon plus grand ma\u00eetre, car elle teste sans cesse notre authenticit\u00e9 et nous am\u00e8ne \u00e0 l&#8217;humilit\u00e9 ainsi qu&#8217;\u00e0 notre force. Je suis \u00e9galement tr\u00e8s proche des animaux et ils m&#8217;apprennent chaque jour ce que signifie vraiment vivre ici et maintenant et r\u00e9fl\u00e9chir \u00e0 qui nous sommes vraiment et \u00e0 l&#8217;effet que nous produisons sur les autres.<\/p>\n\n\n\n<p>C&#8217;est surtout le travail avec les chevaux qui m&#8217;a appris cela. Depuis 2008, je participe et organise des cours de <a href=\"http:\/\/www.beingwithhorses.eu\">&#8220;Mit Pferden sein \u2026&#8221; (\u00eatre avec les chevaux)<\/a>, d\u00e9velopp\u00e9s par la biologiste \u00e9thologue Sabine Birmann et son mari Dan. Ils enseignent avant tout la perception ; la perception de soi, mais aussi le d\u00e9veloppement d&#8217;une sensibilit\u00e9 fine pour l&#8217;autre. En outre, il est possible d&#8217;apprendre \u00e0 travailler dans le flux de l&#8217;\u00e9nergie et \u00e0 \u00e9tablir un lien profond avec un autre \u00eatre &#8211; avec empathie, authenticit\u00e9 et honn\u00eatet\u00e9.<\/p>\n\n\n\n<p>En 2022, j&#8217;ai encore termin\u00e9 des \u00e9tudes de technicienne agricole &#8211; un domaine professionnel qui permet beaucoup de mise \u00e0 la terre et apporte une compr\u00e9hension \u00e0 un niveau technique, non seulement de la nature, mais aussi de notre culture et de notre mode de vie humaine.<\/p>\n\n\n\n<p>Toutes ces exp\u00e9riences sont d\u00e9sormais int\u00e9gr\u00e9es dans mes diverses activit\u00e9s.<\/p>\n\n\n<div class=\"wp-block-image\">\n<figure class=\"aligncenter size-large is-resized\"><img loading=\"lazy\" decoding=\"async\" width=\"1024\" height=\"764\" src=\"http:\/\/jaanaetleschevaux.com\/wp-content\/uploads\/2023\/10\/11698859_409358612590147_3181682456998404101_o-1-1024x764.jpg\" alt=\"\" class=\"wp-image-237\" style=\"width:612px;height:457px\" srcset=\"https:\/\/jaanaetleschevaux.com\/wp-content\/uploads\/2023\/10\/11698859_409358612590147_3181682456998404101_o-1-1024x764.jpg 1024w, https:\/\/jaanaetleschevaux.com\/wp-content\/uploads\/2023\/10\/11698859_409358612590147_3181682456998404101_o-1-300x224.jpg 300w, https:\/\/jaanaetleschevaux.com\/wp-content\/uploads\/2023\/10\/11698859_409358612590147_3181682456998404101_o-1-768x573.jpg 768w, https:\/\/jaanaetleschevaux.com\/wp-content\/uploads\/2023\/10\/11698859_409358612590147_3181682456998404101_o-1-80x60.jpg 80w, https:\/\/jaanaetleschevaux.com\/wp-content\/uploads\/2023\/10\/11698859_409358612590147_3181682456998404101_o-1.jpg 1524w\" sizes=\"auto, (max-width: 1024px) 100vw, 1024px\" \/><figcaption class=\"wp-element-caption\"><em>Travail au sol en libert\u00e9 avec mon \u00e9talon de cheval de trait Vertigo<\/em><\/figcaption><\/figure>\n<\/div>","protected":false},"excerpt":{"rendered":"<p>A propos de mon parcours \u2026 Je suis n\u00e9e en Allemagne, mais j&#8217;ai pass\u00e9 la majeure partie de mon enfance et de ma vie d&#8217;adulte en France et en voyage. Aujourd&#8217;hui, je vis dans ma petite &#8220;maison du cerisier&#8221; dans le sud de la Bourgogne avec mes animaux. C&#8217;est pour moi un lieu de repos &hellip; <\/p>\n","protected":false},"author":1,"featured_media":134,"parent":0,"menu_order":0,"comment_status":"closed","ping_status":"closed","template":"","meta":{"footnotes":""},"class_list":["post-235","page","type-page","status-publish","has-post-thumbnail","hentry"],"_links":{"self":[{"href":"https:\/\/jaanaetleschevaux.com\/index.php\/wp-json\/wp\/v2\/pages\/235","targetHints":{"allow":["GET"]}}],"collection":[{"href":"https:\/\/jaanaetleschevaux.com\/index.php\/wp-json\/wp\/v2\/pages"}],"about":[{"href":"https:\/\/jaanaetleschevaux.com\/index.php\/wp-json\/wp\/v2\/types\/page"}],"author":[{"embeddable":true,"href":"https:\/\/jaanaetleschevaux.com\/index.php\/wp-json\/wp\/v2\/users\/1"}],"replies":[{"embeddable":true,"href":"https:\/\/jaanaetleschevaux.com\/index.php\/wp-json\/wp\/v2\/comments?post=235"}],"version-history":[{"count":3,"href":"https:\/\/jaanaetleschevaux.com\/index.php\/wp-json\/wp\/v2\/pages\/235\/revisions"}],"predecessor-version":[{"id":326,"href":"https:\/\/jaanaetleschevaux.com\/index.php\/wp-json\/wp\/v2\/pages\/235\/revisions\/326"}],"wp:featuredmedia":[{"embeddable":true,"href":"https:\/\/jaanaetleschevaux.com\/index.php\/wp-json\/wp\/v2\/media\/134"}],"wp:attachment":[{"href":"https:\/\/jaanaetleschevaux.com\/index.php\/wp-json\/wp\/v2\/media?parent=235"}],"curies":[{"name":"wp","href":"https:\/\/api.w.org\/{rel}","templated":true}]}}