{"id":229,"date":"2023-10-11T11:46:26","date_gmt":"2023-10-11T09:46:26","guid":{"rendered":"http:\/\/jaanaetleschevaux.com\/?page_id=229"},"modified":"2023-12-16T08:12:35","modified_gmt":"2023-12-16T07:12:35","slug":"theta-healing-2","status":"publish","type":"page","link":"https:\/\/jaanaetleschevaux.com\/index.php\/fr\/theta-healing-2\/","title":{"rendered":"Theta Healing\u00ae FR"},"content":{"rendered":"\n<p>Le Theta Healing\u00ae est une technique de travail \u00e9nerg\u00e9tique permettant de se mettre dans l&#8217;\u00e9tat th\u00eata. Celui-ci correspond par exemple \u00e0 l&#8217;\u00e9tat de m\u00e9ditation et \u00e0 celui de la pri\u00e8re. Cette technique a \u00e9t\u00e9 cr\u00e9\u00e9e en Am\u00e9rique par la naturopathe Vianna Stibal et s&#8217;est r\u00e9pandue dans le monde entier.<\/p>\n\n\n\n<p><a href=\"http:\/\/www.thetahealing.com\">Vers le site officiel de Theta Healing pour plus d&#8217;informations -&gt;.<\/a><\/p>\n\n\n\n<p>Ensemble, nous regarderons ce qui se passe au niveau \u00e9nerg\u00e9tique et comment cela affecte le corps physique. Mes s\u00e9ances durent en g\u00e9n\u00e9ral 30-60 minutes, les th\u00e8mes peuvent \u00eatre totalement diff\u00e9rents. Chaque s\u00e9ance est ind\u00e9pendante, nous explorons le sujet et le r\u00e9solvons &#8211; dans tous les cas, nous terminons toujours par un progr\u00e8s. Toutefois, pour les th\u00e8mes tr\u00e8s intenses, il est bien de pr\u00e9voir au moins trois s\u00e9ances, r\u00e9alis\u00e9es dans un laps de temps adapt\u00e9 \u00e0 volont\u00e9.<\/p>\n\n\n\n<p><strong>D\u00e9roulement :<\/strong> Les s\u00e9ances se d\u00e9roulent g\u00e9n\u00e9ralement \u00e0 distance &#8211; par vid\u00e9oconf\u00e9rence ou par t\u00e9l\u00e9phone. WhatsApp, Skype, Zoom et \u00e9ventuellement MS Teams sont possibles. En r\u00e8gle g\u00e9n\u00e9rale, nous commen\u00e7ons par une lecture de la th\u00e9matique. Souvent, cela permet de constater des blocages dus \u00e0 des peurs et \u00e0 des croyances, puis nous &#8220;creusons&#8221; en quelque sorte jusqu&#8217;\u00e0 arriver \u00e0 la source du probl\u00e8me et nous le r\u00e9solvons ensuite.<\/p>\n\n\n\n<p>Je donne des s\u00e9ances en fran\u00e7ais, en allemand et en anglais.<\/p>\n\n\n\n<p>Le travail \u00e9nerg\u00e9tique doit toujours \u00eatre consid\u00e9r\u00e9 comme un compl\u00e9ment \u00e0 la th\u00e9rapie m\u00e9dicale classique et ne la remplace jamais. Je n&#8217;assume aucune responsabilit\u00e9 ni garantie, ni pour des r\u00e9sultats de gu\u00e9rison, ni pour les cons\u00e9quences des actions recommand\u00e9es dans mes lectures. Chacun assume sa propre responsabilit\u00e9 pour la mise en pratique. Il est recommand\u00e9 aux personnes ayant subi de forts traumatismes ou souffrant de troubles psychiques connus de travailler d&#8217;abord ces th\u00e8mes avec une th\u00e9rapie conventionnelle.<\/p>\n\n\n\n<h3 class=\"wp-block-heading\"><mark style=\"background-color:rgba(0, 0, 0, 0)\" class=\"has-inline-color has-cyan-bluish-gray-color\">Tarifs :<\/mark><\/h3>\n\n\n\n<p class=\"has-blush-light-purple-gradient-background has-background\"><strong>Une seule s\u00e9ance :<\/strong> 50 \u20ac\/CHF les premi\u00e8res 30-45 min + 25 \u20ac\/CHF chaque demi-heure suppl\u00e9mentaire entam\u00e9e.<\/p>\n\n\n\n<p class=\"has-blush-light-purple-gradient-background has-background\"><strong>Une s\u00e9rie de 3 s\u00e9ances :<\/strong> 135 \u20ac\/CHF pour 3 s\u00e9ances (45 \u20ac\/CHF la s\u00e9ance).<\/p>\n\n\n\n<p class=\"has-blush-light-purple-gradient-background has-background\"><strong>Coaching intensif :<\/strong> une s\u00e9ance par semaine quelle que soit la th\u00e9matique : 160 \u20ac\/CHF par mois (environ 40 \u20ac\/CHF la s\u00e9ance).<\/p>\n\n\n\n<p class=\"has-background\" style=\"background:linear-gradient(135deg,rgb(244,210,210) 0%,rgb(164,125,245) 100%)\"><strong>Nettoyage d&#8217;un bien immobilier:<\/strong> standard 100 \u20ac<\/p>\n\n\n\n<p>Les prix s&#8217;entendent toutes taxes comprises. Les prix en francs suisses incluent d\u00e9j\u00e0 les \u00e9ventuels frais de douane et de change.<\/p>\n\n\n\n<p class=\"has-blush-light-purple-gradient-background has-background\"><strong><a href=\"mailto:creative.jaana@gmail.com\">R\u00c9SERVATION PAR MAIL<\/a><\/strong><\/p>\n\n\n<div class=\"wp-block-image\">\n<figure class=\"aligncenter size-large is-resized\"><img loading=\"lazy\" decoding=\"async\" width=\"679\" height=\"1024\" src=\"http:\/\/jaanaetleschevaux.com\/wp-content\/uploads\/2023\/10\/illustration-logo-creative-healing-2023-V1-1-679x1024.png\" alt=\"\" class=\"wp-image-233\" style=\"width:72px;height:109px\" srcset=\"https:\/\/jaanaetleschevaux.com\/wp-content\/uploads\/2023\/10\/illustration-logo-creative-healing-2023-V1-1-679x1024.png 679w, https:\/\/jaanaetleschevaux.com\/wp-content\/uploads\/2023\/10\/illustration-logo-creative-healing-2023-V1-1-199x300.png 199w, https:\/\/jaanaetleschevaux.com\/wp-content\/uploads\/2023\/10\/illustration-logo-creative-healing-2023-V1-1-768x1159.png 768w, https:\/\/jaanaetleschevaux.com\/wp-content\/uploads\/2023\/10\/illustration-logo-creative-healing-2023-V1-1-40x60.png 40w, https:\/\/jaanaetleschevaux.com\/wp-content\/uploads\/2023\/10\/illustration-logo-creative-healing-2023-V1-1.png 800w\" sizes=\"auto, (max-width: 679px) 100vw, 679px\" \/><\/figure>\n<\/div>\n\n\n<h3 class=\"wp-block-heading\"><mark style=\"background-color:rgba(0, 0, 0, 0)\" class=\"has-inline-color has-cyan-bluish-gray-color\">Communication animale, lectures et purifications<br><\/mark><\/h3>\n\n\n\n<p>Pour le travail avec les animaux, les lieux et les objets ainsi que d&#8217;autres personnes, il est agr\u00e9able de pouvoir obtenir une photo, il n&#8217;est pas non plus n\u00e9cessaire qu&#8217;elle soit r\u00e9cente. En r\u00e8gle g\u00e9n\u00e9rale, nous nous connectons directement \u00e0 notre th\u00e8me cible lors de la s\u00e9ance et des questions peuvent \u00eatre pos\u00e9es aux animaux ou \u00e0 d&#8217;autres personnes. Le cas \u00e9ch\u00e9ant, nous pouvons aussi &#8220;creuser&#8221; dans certains th\u00e8mes.<\/p>\n\n\n\n<p>Il est important que j&#8217;obtienne l&#8217;autorisation de la personne \u00e0 laquelle une lecture est destin\u00e9e. Si une communication normale n&#8217;est pas possible, l&#8217;autorisation est donn\u00e9e par le propri\u00e9taire de l&#8217;animal, du terrain\/maison (\u00e9galement possible en tant que locataire) ou justement de la personne qui le repr\u00e9sente l\u00e9galement (parent par exemple). Une communication est \u00e9galement possible sans autorisation, mais il n&#8217;est pas toujours possible de travailler sur tous les niveaux.<\/p>\n\n\n\n<p>.<\/p>\n\n\n\n<h3 class=\"wp-block-heading\"><mark style=\"background-color:rgba(0, 0, 0, 0)\" class=\"has-inline-color has-cyan-bluish-gray-color\">M\u00e9ditations de groupe et voyages de l&#8217;\u00e2me<\/mark><\/h3>\n\n\n\n<p><br>Ponctuellement, des m\u00e9ditations de groupe et des voyages de l&#8217;\u00e2me guid\u00e9s ont lieu ici sur place et en direct via Skype ou Zoom. Les personnes qui souhaitent y participer peuvent s&#8217;inscrire aupr\u00e8s de moi par e-mail et seront inform\u00e9es des dates \u00e0 venir.<\/p>\n","protected":false},"excerpt":{"rendered":"<p>Le Theta Healing\u00ae est une technique de travail \u00e9nerg\u00e9tique permettant de se mettre dans l&#8217;\u00e9tat th\u00eata. Celui-ci correspond par exemple \u00e0 l&#8217;\u00e9tat de m\u00e9ditation et \u00e0 celui de la pri\u00e8re. Cette technique a \u00e9t\u00e9 cr\u00e9\u00e9e en Am\u00e9rique par la naturopathe Vianna Stibal et s&#8217;est r\u00e9pandue dans le monde entier. Vers le site officiel de Theta &hellip; <\/p>\n","protected":false},"author":1,"featured_media":134,"parent":0,"menu_order":0,"comment_status":"closed","ping_status":"closed","template":"","meta":{"footnotes":""},"class_list":["post-229","page","type-page","status-publish","has-post-thumbnail","hentry"],"_links":{"self":[{"href":"https:\/\/jaanaetleschevaux.com\/index.php\/wp-json\/wp\/v2\/pages\/229","targetHints":{"allow":["GET"]}}],"collection":[{"href":"https:\/\/jaanaetleschevaux.com\/index.php\/wp-json\/wp\/v2\/pages"}],"about":[{"href":"https:\/\/jaanaetleschevaux.com\/index.php\/wp-json\/wp\/v2\/types\/page"}],"author":[{"embeddable":true,"href":"https:\/\/jaanaetleschevaux.com\/index.php\/wp-json\/wp\/v2\/users\/1"}],"replies":[{"embeddable":true,"href":"https:\/\/jaanaetleschevaux.com\/index.php\/wp-json\/wp\/v2\/comments?post=229"}],"version-history":[{"count":6,"href":"https:\/\/jaanaetleschevaux.com\/index.php\/wp-json\/wp\/v2\/pages\/229\/revisions"}],"predecessor-version":[{"id":333,"href":"https:\/\/jaanaetleschevaux.com\/index.php\/wp-json\/wp\/v2\/pages\/229\/revisions\/333"}],"wp:featuredmedia":[{"embeddable":true,"href":"https:\/\/jaanaetleschevaux.com\/index.php\/wp-json\/wp\/v2\/media\/134"}],"wp:attachment":[{"href":"https:\/\/jaanaetleschevaux.com\/index.php\/wp-json\/wp\/v2\/media?parent=229"}],"curies":[{"name":"wp","href":"https:\/\/api.w.org\/{rel}","templated":true}]}}