{"id":2,"date":"2023-10-09T08:31:35","date_gmt":"2023-10-09T06:31:35","guid":{"rendered":"http:\/\/jaanaetleschevaux.com\/?page_id=2"},"modified":"2023-10-17T07:09:25","modified_gmt":"2023-10-17T05:09:25","slug":"beispiel-seite","status":"publish","type":"page","link":"http:\/\/jaanaetleschevaux.com\/","title":{"rendered":"Willkommen"},"content":{"rendered":"\n<h3 class=\"wp-block-heading has-text-align-center has-pale-pink-color has-text-color has-background\" style=\"background:linear-gradient(135deg,rgb(151,223,211) 0%,rgb(146,91,218) 50%,rgb(172,249,236) 100%)\"><mark style=\"background-color:rgba(0, 0, 0, 0)\" class=\"has-inline-color has-white-color\">Wenn Energie flie\u00dfen darf &#8230;<\/mark><\/h3>\n\n\n\n<p>K\u00f6rper, Geist und Seele &#8211; alle diese drei Ebenen sind Teil von unserer Existenz und stehen dauerhaft in einem energetischen Austausch untereinander. Ein kranker K\u00f6rper wird unseren Geist tr\u00fcben, aber genauso wird ein verh\u00e4rteter Geist oder eine Blockade auf Seelenebene sich k\u00f6rperlich widerspiegeln.<\/p>\n\n\n\n<p>Trotz unserer guten medizinischen Versorgung fehlt heute jedoch oft der Blick auf die Ebene unserer Seele, diese ist aber ebenso essentiell f\u00fcr die Linderung jeglicher Beschwerden. So berichten manche von Besserungen von \u00fcber Jahren chronischen Krankheiten, die jedoch erst m\u00f6glich waren, nachdem auch seelische Themen gel\u00f6st wurden.<\/p>\n\n\n\n<p>Was sicher ist: Je mehr ich in Verbindung mit meiner Seele bin, desto mehr kann ich meinen Geist \u00f6ffnen und damit auch meinen K\u00f6rper entspannen und dann die ihm innewohnende positive Energie flie\u00dfen lassen. Eine Wohltat auf allen Ebenen.<\/p>\n\n\n<div class=\"wp-block-image\">\n<figure class=\"aligncenter size-full is-resized\"><img loading=\"lazy\" decoding=\"async\" width=\"593\" height=\"595\" src=\"http:\/\/jaanaetleschevaux.com\/wp-content\/uploads\/2023\/10\/celticyinyang-clear-e1696908080528.png\" alt=\"\" class=\"wp-image-109\" style=\"width:225px;height:226px\" srcset=\"https:\/\/jaanaetleschevaux.com\/wp-content\/uploads\/2023\/10\/celticyinyang-clear-e1696908080528.png 593w, https:\/\/jaanaetleschevaux.com\/wp-content\/uploads\/2023\/10\/celticyinyang-clear-e1696908080528-300x300.png 300w, https:\/\/jaanaetleschevaux.com\/wp-content\/uploads\/2023\/10\/celticyinyang-clear-e1696908080528-150x150.png 150w, https:\/\/jaanaetleschevaux.com\/wp-content\/uploads\/2023\/10\/celticyinyang-clear-e1696908080528-60x60.png 60w\" sizes=\"auto, (max-width: 593px) 100vw, 593px\" \/><\/figure>\n<\/div>\n\n\n<p class=\"has-text-align-center\">.<\/p>\n\n\n\n<p class=\"has-text-align-left\">Mit Theta Healing\u00ae werfen wir einen Blick auf das, was uns die Seele sagen m\u00f6chte. Auch k\u00f6nnen wir diese Technik nutzen, um mit allem anderen der Sch\u00f6pfung zu arbeiten: mit Tieren sowie mit Pflanzen kommunizieren oder den Energien von Orten und Gegenst\u00e4nden auf die Spur gehen, diese reinigen und vieles mehr.<\/p>\n\n\n\n<p>Dem Ruf meiner Seele folgend, biete ich auf dieser Webseite energetische Arbeit nach der Theta Healing\u00ae Methode an, sowie Seelenreisen, Tierkommunikation, Reinigung von Geb\u00e4uden und mehr. Als K\u00fcnstlerin nutze ich zudem meine Kreativit\u00e4t aus dieser inneren Kraft und stelle zuk\u00fcnftig meine Werke zur Natursymbolik hier vor.<\/p>\n\n\n\n<p class=\"has-text-align-center\">Ich w\u00fcnsche euch viel Freude und Inspiration beim Erkunden meiner Webseite!<\/p>\n\n\n\n<p><\/p>\n\n\n\n<p class=\"has-text-align-center\">Herzlichst,<\/p>\n\n\n\n<p class=\"has-text-align-center\">Jaana<\/p>\n","protected":false},"excerpt":{"rendered":"<p>Wenn Energie flie\u00dfen darf &#8230; K\u00f6rper, Geist und Seele &#8211; alle diese drei Ebenen sind Teil von unserer Existenz und stehen dauerhaft in einem energetischen Austausch untereinander. Ein kranker K\u00f6rper wird unseren Geist tr\u00fcben, aber genauso wird ein verh\u00e4rteter Geist oder eine Blockade auf Seelenebene sich k\u00f6rperlich widerspiegeln. Trotz unserer guten medizinischen Versorgung fehlt heute &hellip; <\/p>\n","protected":false},"author":1,"featured_media":0,"parent":0,"menu_order":0,"comment_status":"closed","ping_status":"open","template":"","meta":{"footnotes":""},"class_list":["post-2","page","type-page","status-publish","hentry"],"_links":{"self":[{"href":"https:\/\/jaanaetleschevaux.com\/index.php\/wp-json\/wp\/v2\/pages\/2","targetHints":{"allow":["GET"]}}],"collection":[{"href":"https:\/\/jaanaetleschevaux.com\/index.php\/wp-json\/wp\/v2\/pages"}],"about":[{"href":"https:\/\/jaanaetleschevaux.com\/index.php\/wp-json\/wp\/v2\/types\/page"}],"author":[{"embeddable":true,"href":"https:\/\/jaanaetleschevaux.com\/index.php\/wp-json\/wp\/v2\/users\/1"}],"replies":[{"embeddable":true,"href":"https:\/\/jaanaetleschevaux.com\/index.php\/wp-json\/wp\/v2\/comments?post=2"}],"version-history":[{"count":40,"href":"https:\/\/jaanaetleschevaux.com\/index.php\/wp-json\/wp\/v2\/pages\/2\/revisions"}],"predecessor-version":[{"id":301,"href":"https:\/\/jaanaetleschevaux.com\/index.php\/wp-json\/wp\/v2\/pages\/2\/revisions\/301"}],"wp:attachment":[{"href":"https:\/\/jaanaetleschevaux.com\/index.php\/wp-json\/wp\/v2\/media?parent=2"}],"curies":[{"name":"wp","href":"https:\/\/api.w.org\/{rel}","templated":true}]}}